{"id":6,"date":"2012-08-20T15:13:51","date_gmt":"2012-08-20T15:13:51","guid":{"rendered":"http:\/\/www.david-todd.co.uk\/?page_id=6"},"modified":"2025-09-08T15:30:35","modified_gmt":"2025-09-08T15:30:35","slug":"biography","status":"publish","type":"page","link":"https:\/\/www.david-todd.co.uk\/?page_id=6","title":{"rendered":"Biography"},"content":{"rendered":"<figure id=\"attachment_1311\" aria-describedby=\"caption-attachment-1311\" style=\"width: 264px\" class=\"wp-caption alignleft\"><img loading=\"lazy\" decoding=\"async\" class=\"wp-image-1311\" src=\"https:\/\/www.david-todd.co.uk\/wp-content\/uploads\/2021\/12\/aIMG_0718.jpg\" alt=\"\" width=\"264\" height=\"395\" \/><figcaption id=\"caption-attachment-1311\" class=\"wp-caption-text\"><em>Photo: Emelie Kroon<\/em><\/figcaption><\/figure>\n<div>\n<p><strong><a href=\"https:\/\/www.david-todd.co.uk\/wp-content\/uploads\/2024\/06\/Unknown.png\"><img loading=\"lazy\" decoding=\"async\" class=\"alignnone  wp-image-1605\" src=\"https:\/\/www.david-todd.co.uk\/wp-content\/uploads\/2024\/06\/Unknown.png\" alt=\"\" width=\"27\" height=\"16\" srcset=\"https:\/\/www.david-todd.co.uk\/wp-content\/uploads\/2024\/06\/Unknown.png 290w, https:\/\/www.david-todd.co.uk\/wp-content\/uploads\/2024\/06\/Unknown-150x90.png 150w, https:\/\/www.david-todd.co.uk\/wp-content\/uploads\/2024\/06\/Unknown-100x60.png 100w\" sizes=\"auto, (max-width: 27px) 100vw, 27px\" \/><\/a> David Todd<\/strong><span class=\"apple-converted-space\">\u00a0<\/span>is a musician equally at home in the fields of opera and choral music, both in the UK and the rest of Europe. Most recently Kapellmeister and Studienleiter at the Mainfranken Theater in W\u00fcrzburg, Germany, he made his German conducting debut with Bellini&#8217;s<span class=\"apple-converted-space\"><i>\u00a0<\/i><\/span><em>i Capuleti e i Montecchi<\/em>, for which he was praised by Der Opernfreund for<span class=\"apple-converted-space\"><i>\u00a0<\/i><\/span><em>&#8216;conducting full of colour and spirit, savouring every beat, every note and infecting the orchestra with his joy in the score, as well as the singers on stage.&#8217;\u00a0<\/em><\/p>\n<\/div>\n<div>\n<p>He has since conducted a number of operas, ranging from standard repertoire (<em>Die Zauberfl\u00f6te<\/em>,<span class=\"apple-converted-space\">\u00a0<\/span><em>La clemenza di Tito <\/em>and\u00a0<em>Les contes d&#8217;Hoffmann)<\/em> to contemporary works, such as\u00a0<i>Karl und Anna<span class=\"apple-converted-space\">\u00a0<\/span><\/i>by Christoph Ehrenfellner. David recently participated in the finals of the Erich Bergel Conducting Competition and was also nominated for the critic&#8217;s prize &#8216;Orchestra of the Year&#8217; in German publication <em>Die Opernwelt<\/em> when he stepped in as pianist at short notice to replace the orchestra in Jan\u00e1\u010dek&#8217;s<span class=\"apple-converted-space\">\u00a0<\/span><em>The Makropulos Case. <\/em>In\u00a02023 he began working as a Visiting Lecturer at the Hochschule for Music in W\u00fcrzburg.<\/p>\n<\/div>\n<div>\n<p>Recent work includes Britten&#8217;s<span class=\"apple-converted-space\"><i>\u00a0<\/i><\/span><em>Death in Venice<\/em><span class=\"apple-converted-space\">\u00a0<\/span>for Theater und Orchester Heidelberg, as well as preparing the Netherlands Radio Choir for concerts with Marcus Creed. He was previously Assistant Chorus Master and R\u00e9p\u00e9titeur at Staatstheater Darmstadt, Germany, working on a number of productions\u00a0and conducting the Staatsorchester in various concerts.<\/p>\n<\/div>\n<div>\n<p>Originally from Solihull, England, David was trained as an Organ Scholar at Oxford University, the Royal Academy of Music (where he was recently awarded with an Associateship), and the Royal Conservatoire of Scotland (James Geddes Award). He has worked for Opera Holland Park (Chorus Master-Isabeau),<em>\u00a0<\/em>and was r\u00e9p\u00e9titeur for the revival of Mark-Anthony Turnage&#8217;s<span class=\"apple-converted-space\">\u00a0<\/span><em>Greek<\/em><span class=\"apple-converted-space\">\u00a0<\/span>at the Arcola Theatre, as well as working with many other opera companies in the UK.<\/p>\n<\/div>\n<div>\n<p>While in London, David worked with choirs for the Southbank Centre, Courtauld Gallery and Morley College and as Chorus Master for the Warsaw Philharmonic Orchestra in a performance of Beethoven&#8217;s Ninth Symphony. He was musical director of the inventive chamber choir &#8216;Myriad&#8217;, and Director of Music in the Parish of Wanstead. He also performed alongside concert pianist Murray Perahia, and in workshops with artists such as Malcolm Martineau and Simon Keenleyside, as well as participating in the prestigious Solti Accademia.<span class=\"apple-converted-space\">\u00a0<\/span>He is an Associate of the Royal College of Organists (ARCO) and holds British and German citizenship.<\/p>\n<\/div>\n<div>\n<p>In 2020, David began his blog &#8216;Opera with a Hot Toddy&#8217; where he invites colleagues and friends from the opera world to discuss their work over a drink. His main series of articles offering practical advice to r\u00e9p\u00e9titeurs has recently been adapted and published online by <a href=\"https:\/\/www.schmopera.com\/\">Schmopera<\/a>. David&#8217;s first book, covering the history of his family in India and Fiji, was printed in 2021 and can be ordered via the contact form.<\/p>\n<\/div>\n<hr \/>\n<div>\n<p><a href=\"https:\/\/www.david-todd.co.uk\/wp-content\/uploads\/2024\/06\/Unknown-1.png\"><img loading=\"lazy\" decoding=\"async\" class=\"alignnone  wp-image-1612\" src=\"https:\/\/www.david-todd.co.uk\/wp-content\/uploads\/2024\/06\/Unknown-1.png\" alt=\"\" width=\"25\" height=\"15\" srcset=\"https:\/\/www.david-todd.co.uk\/wp-content\/uploads\/2024\/06\/Unknown-1.png 290w, https:\/\/www.david-todd.co.uk\/wp-content\/uploads\/2024\/06\/Unknown-1-150x90.png 150w, https:\/\/www.david-todd.co.uk\/wp-content\/uploads\/2024\/06\/Unknown-1-100x60.png 100w\" sizes=\"auto, (max-width: 25px) 100vw, 25px\" \/><\/a>David Todd ist ein britisch-deutscher Musiker, der sich gleicherma\u00dfen in den Bereichen Oper und Chormusik zu Hause f\u00fchlt. Zuletzt war er Kapellmeister und Studienleiter am Mainfranken Theater in W\u00fcrzburg, Deutschland, wo er sein Deb\u00fct als Dirigent des W\u00fcrzburger Philharmonischen Orchesters mit Bellinis \u201eI Capuleti e i Montecchi\u201c gab, wof\u00fcr er von Der Opernfreund gelobt wurde:<\/p>\n<p><em>&#8216;Der junge Brite \u00fcberrascht mich mit einem Dirigat voller Farben und Esprit, scheint jeden Takt, jede Note auszukosten und steckt mit seiner Freude an der Partitur das Orchester ebenso an wie S\u00e4nger auf der B\u00fchne.&#8217; \u00a0<\/em><\/p>\n<p>Seitdem hat er eine Reihe von Opern dirigiert, die vom Standardrepertoire (Die Zauberfl\u00f6te, La clemenza di Tito und Les contes d&#8217;Hoffmann) bis hin zu zeitgen\u00f6ssischen Werken wie<em> Karl und Anna<\/em> von Christoph Ehrenfellner reichen. David nahm k\u00fcrzlich am Finale des Erich-Bergel-Dirigentenwettbewerbs teil und wurde au\u00dferdem f\u00fcr den Kritikerpreis \u201eOrchester des Jahres\u201c der deutschen Zeitschrift Die Opernwelt nominiert, als er kurzfristig als Pianist einsprang, um das Orchester in Jan\u00e1\u010deks Der Fall Makropulos zu ersetzen. Im Jahr 2023 begann er seine T\u00e4tigkeit als Gastdozent an der Hochschule f\u00fcr Musik in W\u00fcrzburg.<\/p>\n<p>In letzter Zeit hat er auch au\u00dferhalb von W\u00fcrzburg an Brittens <em>Tod in Venedig <\/em>f\u00fcr das Theater und Orchester Heidelberg mitgewirkt und den Niederl\u00e4ndischen Rundfunkchor auf Konzerte mit Marcus Creed vorbereitet. Zuvor war er stellvertretender Chorleiter und Korrepetitor am Staatstheater Darmstadt, wo er an einer Reihe von Produktionen mitwirkte und das Staatsorchester in verschiedenen Konzerten dirigierte.<\/p>\n<p>Urspr\u00fcnglich aus Solihull, England, David Todd wurde an der Universit\u00e4t Oxford, der Royal Academy of Music (wo er k\u00fcrzlich mit einer Assoziierten Mitgliedschaft (ARAM) ausgezeichnet wurde) und dem Royal Conservatoire of Scotland\u00a0ausgebildet, wo er Korrepetitor an der Alexander Gibson Opera School war und mit dem James Geddes Preis ausgezeichnet wurde. Er arbeitete f\u00fcr die Opera Holland Park, London (Chordirektor,\u00a0<em>Isabeau<\/em>), und war Korrepetitor f\u00fcr eine spezielle Wiederaufnahme von Turnages\u00a0<em>Greek<\/em>\u00a0am Arcola Theatre.<\/p>\n<p>W\u00e4hrend seines Aufenthalts in London arbeitete David mit dem Southbank Centre, der Courtauld Gallery und dem Morley College zusammen und war Chorleiter der Warschauer Philharmoniker bei einer Auff\u00fchrung von Beethovens Neunter Symphonie. Er trat auch an der Seite des Konzertpianisten Murray Perahia auf und nahm an Workshops mit K\u00fcnstlern wie Malcolm Martineau und Simon Keenleyside sowie an der renommierten Solti Accademia. Er ist ein Associate des Royal College of Organists (ARCO) und besitzt die britische und deutsche Staatsb\u00fcrgerschaft.<\/p>\n<p>Im Jahr 2022 startete David Todd seinen Blog &#8216;Opera with a Hot Toddy&#8217;, in dem er Kollegen und Freunde aus der Opernwelt einl\u00e4dt, bei einem Drink \u00fcber ihre Arbeit zu diskutieren. Seine wichtigste Artikelserie mit praktischen Ratschl\u00e4gen f\u00fcr Korrepetitoren wurde k\u00fcrzlich von\u00a0<a href=\"https:\/\/www.schmopera.com\/\">Schmopera<\/a>\u00a0\u00fcbernommen und Online ver\u00f6ffentlicht (auf Englisch). Davids erstes Buch, das die Geschichte seiner Familie in Indien und auf den Fidschi-Inseln beschreibt, wurde 2021 gedruckt und kann \u00fcber das Kontaktformular bestellt werden.<\/p>\n<\/div>\n","protected":false},"excerpt":{"rendered":"<p>David Todd\u00a0is a musician equally at home in the fields of opera and choral music, both in the UK and the rest of Europe. Most recently Kapellmeister and Studienleiter at [&hellip;]<\/p>\n","protected":false},"author":1,"featured_media":0,"parent":0,"menu_order":1,"comment_status":"closed","ping_status":"closed","template":"page_fullwidth.php","meta":{"_monsterinsights_skip_tracking":false,"_monsterinsights_sitenote_active":false,"_monsterinsights_sitenote_note":"","_monsterinsights_sitenote_category":0,"footnotes":""},"class_list":["post-6","page","type-page","status-publish","hentry"],"yoast_head":"<!-- This site is optimized with the Yoast SEO plugin v27.5 - https:\/\/yoast.com\/product\/yoast-seo-wordpress\/ -->\n<title>Biography -<\/title>\n<meta name=\"robots\" content=\"index, follow, max-snippet:-1, max-image-preview:large, max-video-preview:-1\" \/>\n<link rel=\"canonical\" href=\"https:\/\/www.david-todd.co.uk\/?page_id=6\" \/>\n<meta property=\"og:locale\" content=\"en_US\" \/>\n<meta property=\"og:type\" content=\"article\" \/>\n<meta property=\"og:title\" content=\"Biography -\" \/>\n<meta property=\"og:description\" content=\"David Todd\u00a0is a musician equally at home in the fields of opera and choral music, both in the UK and the rest of Europe. Most recently Kapellmeister and Studienleiter at [&hellip;]\" \/>\n<meta property=\"og:url\" content=\"https:\/\/www.david-todd.co.uk\/?page_id=6\" \/>\n<meta property=\"article:modified_time\" content=\"2025-09-08T15:30:35+00:00\" \/>\n<meta property=\"og:image\" content=\"https:\/\/www.david-todd.co.uk\/wp-content\/uploads\/2021\/12\/aIMG_0718.jpg\" \/>\n<meta name=\"twitter:card\" content=\"summary_large_image\" \/>\n<meta name=\"twitter:label1\" content=\"Est. reading time\" \/>\n\t<meta name=\"twitter:data1\" content=\"5 minutes\" \/>\n<script type=\"application\/ld+json\" class=\"yoast-schema-graph\">{\"@context\":\"https:\\\/\\\/schema.org\",\"@graph\":[{\"@type\":\"WebPage\",\"@id\":\"https:\\\/\\\/www.david-todd.co.uk\\\/?page_id=6\",\"url\":\"https:\\\/\\\/www.david-todd.co.uk\\\/?page_id=6\",\"name\":\"Biography -\",\"isPartOf\":{\"@id\":\"https:\\\/\\\/www.david-todd.co.uk\\\/#website\"},\"primaryImageOfPage\":{\"@id\":\"https:\\\/\\\/www.david-todd.co.uk\\\/?page_id=6#primaryimage\"},\"image\":{\"@id\":\"https:\\\/\\\/www.david-todd.co.uk\\\/?page_id=6#primaryimage\"},\"thumbnailUrl\":\"https:\\\/\\\/www.david-todd.co.uk\\\/wp-content\\\/uploads\\\/2021\\\/12\\\/aIMG_0718.jpg\",\"datePublished\":\"2012-08-20T15:13:51+00:00\",\"dateModified\":\"2025-09-08T15:30:35+00:00\",\"breadcrumb\":{\"@id\":\"https:\\\/\\\/www.david-todd.co.uk\\\/?page_id=6#breadcrumb\"},\"inLanguage\":\"en-US\",\"potentialAction\":[{\"@type\":\"ReadAction\",\"target\":[\"https:\\\/\\\/www.david-todd.co.uk\\\/?page_id=6\"]}]},{\"@type\":\"ImageObject\",\"inLanguage\":\"en-US\",\"@id\":\"https:\\\/\\\/www.david-todd.co.uk\\\/?page_id=6#primaryimage\",\"url\":\"https:\\\/\\\/www.david-todd.co.uk\\\/wp-content\\\/uploads\\\/2021\\\/12\\\/aIMG_0718.jpg\",\"contentUrl\":\"https:\\\/\\\/www.david-todd.co.uk\\\/wp-content\\\/uploads\\\/2021\\\/12\\\/aIMG_0718.jpg\",\"width\":3840,\"height\":5760},{\"@type\":\"BreadcrumbList\",\"@id\":\"https:\\\/\\\/www.david-todd.co.uk\\\/?page_id=6#breadcrumb\",\"itemListElement\":[{\"@type\":\"ListItem\",\"position\":1,\"name\":\"Home\",\"item\":\"https:\\\/\\\/www.david-todd.co.uk\\\/\"},{\"@type\":\"ListItem\",\"position\":2,\"name\":\"Biography\"}]},{\"@type\":\"WebSite\",\"@id\":\"https:\\\/\\\/www.david-todd.co.uk\\\/#website\",\"url\":\"https:\\\/\\\/www.david-todd.co.uk\\\/\",\"name\":\"\",\"description\":\"\",\"potentialAction\":[{\"@type\":\"SearchAction\",\"target\":{\"@type\":\"EntryPoint\",\"urlTemplate\":\"https:\\\/\\\/www.david-todd.co.uk\\\/?s={search_term_string}\"},\"query-input\":{\"@type\":\"PropertyValueSpecification\",\"valueRequired\":true,\"valueName\":\"search_term_string\"}}],\"inLanguage\":\"en-US\"}]}<\/script>\n<!-- \/ Yoast SEO plugin. -->","yoast_head_json":{"title":"Biography -","robots":{"index":"index","follow":"follow","max-snippet":"max-snippet:-1","max-image-preview":"max-image-preview:large","max-video-preview":"max-video-preview:-1"},"canonical":"https:\/\/www.david-todd.co.uk\/?page_id=6","og_locale":"en_US","og_type":"article","og_title":"Biography -","og_description":"David Todd\u00a0is a musician equally at home in the fields of opera and choral music, both in the UK and the rest of Europe. Most recently Kapellmeister and Studienleiter at [&hellip;]","og_url":"https:\/\/www.david-todd.co.uk\/?page_id=6","article_modified_time":"2025-09-08T15:30:35+00:00","og_image":[{"url":"https:\/\/www.david-todd.co.uk\/wp-content\/uploads\/2021\/12\/aIMG_0718.jpg","type":"","width":"","height":""}],"twitter_card":"summary_large_image","twitter_misc":{"Est. reading time":"5 minutes"},"schema":{"@context":"https:\/\/schema.org","@graph":[{"@type":"WebPage","@id":"https:\/\/www.david-todd.co.uk\/?page_id=6","url":"https:\/\/www.david-todd.co.uk\/?page_id=6","name":"Biography -","isPartOf":{"@id":"https:\/\/www.david-todd.co.uk\/#website"},"primaryImageOfPage":{"@id":"https:\/\/www.david-todd.co.uk\/?page_id=6#primaryimage"},"image":{"@id":"https:\/\/www.david-todd.co.uk\/?page_id=6#primaryimage"},"thumbnailUrl":"https:\/\/www.david-todd.co.uk\/wp-content\/uploads\/2021\/12\/aIMG_0718.jpg","datePublished":"2012-08-20T15:13:51+00:00","dateModified":"2025-09-08T15:30:35+00:00","breadcrumb":{"@id":"https:\/\/www.david-todd.co.uk\/?page_id=6#breadcrumb"},"inLanguage":"en-US","potentialAction":[{"@type":"ReadAction","target":["https:\/\/www.david-todd.co.uk\/?page_id=6"]}]},{"@type":"ImageObject","inLanguage":"en-US","@id":"https:\/\/www.david-todd.co.uk\/?page_id=6#primaryimage","url":"https:\/\/www.david-todd.co.uk\/wp-content\/uploads\/2021\/12\/aIMG_0718.jpg","contentUrl":"https:\/\/www.david-todd.co.uk\/wp-content\/uploads\/2021\/12\/aIMG_0718.jpg","width":3840,"height":5760},{"@type":"BreadcrumbList","@id":"https:\/\/www.david-todd.co.uk\/?page_id=6#breadcrumb","itemListElement":[{"@type":"ListItem","position":1,"name":"Home","item":"https:\/\/www.david-todd.co.uk\/"},{"@type":"ListItem","position":2,"name":"Biography"}]},{"@type":"WebSite","@id":"https:\/\/www.david-todd.co.uk\/#website","url":"https:\/\/www.david-todd.co.uk\/","name":"","description":"","potentialAction":[{"@type":"SearchAction","target":{"@type":"EntryPoint","urlTemplate":"https:\/\/www.david-todd.co.uk\/?s={search_term_string}"},"query-input":{"@type":"PropertyValueSpecification","valueRequired":true,"valueName":"search_term_string"}}],"inLanguage":"en-US"}]}},"_links":{"self":[{"href":"https:\/\/www.david-todd.co.uk\/index.php?rest_route=\/wp\/v2\/pages\/6","targetHints":{"allow":["GET"]}}],"collection":[{"href":"https:\/\/www.david-todd.co.uk\/index.php?rest_route=\/wp\/v2\/pages"}],"about":[{"href":"https:\/\/www.david-todd.co.uk\/index.php?rest_route=\/wp\/v2\/types\/page"}],"author":[{"embeddable":true,"href":"https:\/\/www.david-todd.co.uk\/index.php?rest_route=\/wp\/v2\/users\/1"}],"replies":[{"embeddable":true,"href":"https:\/\/www.david-todd.co.uk\/index.php?rest_route=%2Fwp%2Fv2%2Fcomments&post=6"}],"version-history":[{"count":121,"href":"https:\/\/www.david-todd.co.uk\/index.php?rest_route=\/wp\/v2\/pages\/6\/revisions"}],"predecessor-version":[{"id":1665,"href":"https:\/\/www.david-todd.co.uk\/index.php?rest_route=\/wp\/v2\/pages\/6\/revisions\/1665"}],"wp:attachment":[{"href":"https:\/\/www.david-todd.co.uk\/index.php?rest_route=%2Fwp%2Fv2%2Fmedia&parent=6"}],"curies":[{"name":"wp","href":"https:\/\/api.w.org\/{rel}","templated":true}]}}